{"id":198,"date":"2021-05-14T19:25:52","date_gmt":"2021-05-14T17:25:52","guid":{"rendered":"https:\/\/zalatanapszczola.pl\/?page_id=198"},"modified":"2021-12-14T16:30:02","modified_gmt":"2021-12-14T15:30:02","slug":"swiece","status":"publish","type":"page","link":"https:\/\/zalatanapszczola.pl\/index.php\/swiece\/","title":{"rendered":"\u015awiece"},"content":{"rendered":"\n<h2 class=\"has-text-align-center wp-block-heading\"><span class=\"has-inline-color has-black-color\">Naturalne<\/span> <span class=\"has-inline-color has-black-color\">\u015bwiece od Zalatanej Pszczo\u0142y<\/span><\/h2>\n\n\n\n<p class=\"has-text-align-center\">Moje \u015bwiece z wosku pszczelego pozostawiaj\u0105 delikatny zapach miodu. Tworz\u0105 romantyczny i przytulny nastr\u00f3j. Dzia\u0142aj\u0105 relaksacyjnie i wyciszaj\u0105 emocje. Nie dymi\u0105, likwiduj\u0105 zapach dymu tytoniowego, uspokajaj\u0105 i poprawiaj\u0105 koncentracj\u0119. Dzi\u0119ki zawarto\u015bci jon\u00f3w ujemnych spalaj\u0105cy si\u0119 wosk pszczeli wspomaga oczyszczanie powietrza. Stabilizuj\u0105 ci\u015bnienie krwi i podnosz\u0105 og\u00f3ln\u0105 wydolno\u015b\u0107 organizmu. Spalaj\u0105cy si\u0119 wosk pszczeli wspomaga tak\u017ce leczenie infekcji g\u00f3rnych dr\u00f3g oddechowych. Wykonuj\u0119 je r\u0119cznie z wosku z w\u0142asnej pasieki. Ulegaj\u0105 biodegradacji w 100%.<\/p>\n\n\n\n<div style=\"height:60px\" aria-hidden=\"true\" class=\"wp-block-spacer\"><\/div>\n\n\n\n<div class=\"wp-block-columns is-layout-flex wp-container-core-columns-is-layout-9d6595d7 wp-block-columns-is-layout-flex\">\n<div class=\"wp-block-column is-layout-flow wp-block-column-is-layout-flow\">\n<div class=\"wp-block-image\"><figure class=\"aligncenter size-full\"><a href=\"https:\/\/zalatanapszczola.pl\/index.php\/sklep-2\/\"><img loading=\"lazy\" decoding=\"async\" width=\"500\" height=\"500\" src=\"https:\/\/zalatanapszczola.pl\/wp-content\/uploads\/2021\/12\/DSC01879-x.jpg\" alt=\"\" class=\"wp-image-1196\" srcset=\"https:\/\/zalatanapszczola.pl\/wp-content\/uploads\/2021\/12\/DSC01879-x.jpg 500w, https:\/\/zalatanapszczola.pl\/wp-content\/uploads\/2021\/12\/DSC01879-x-300x300.jpg 300w, https:\/\/zalatanapszczola.pl\/wp-content\/uploads\/2021\/12\/DSC01879-x-150x150.jpg 150w, https:\/\/zalatanapszczola.pl\/wp-content\/uploads\/2021\/12\/DSC01879-x-400x400.jpg 400w, https:\/\/zalatanapszczola.pl\/wp-content\/uploads\/2021\/12\/DSC01879-x-100x100.jpg 100w\" sizes=\"auto, (max-width: 500px) 100vw, 500px\" \/><\/a><\/figure><\/div>\n<\/div>\n\n\n\n<div class=\"wp-block-column is-vertically-aligned-top is-layout-flow wp-block-column-is-layout-flow\">\n<figure class=\"wp-block-image size-full\"><a href=\"https:\/\/zalatanapszczola.pl\/index.php\/sklep-2\/\"><img loading=\"lazy\" decoding=\"async\" width=\"500\" height=\"500\" src=\"https:\/\/zalatanapszczola.pl\/wp-content\/uploads\/2021\/12\/swieca-w-opakowaniu.jpg\" alt=\"\" class=\"wp-image-1197\" srcset=\"https:\/\/zalatanapszczola.pl\/wp-content\/uploads\/2021\/12\/swieca-w-opakowaniu.jpg 500w, https:\/\/zalatanapszczola.pl\/wp-content\/uploads\/2021\/12\/swieca-w-opakowaniu-300x300.jpg 300w, https:\/\/zalatanapszczola.pl\/wp-content\/uploads\/2021\/12\/swieca-w-opakowaniu-150x150.jpg 150w, https:\/\/zalatanapszczola.pl\/wp-content\/uploads\/2021\/12\/swieca-w-opakowaniu-400x400.jpg 400w, https:\/\/zalatanapszczola.pl\/wp-content\/uploads\/2021\/12\/swieca-w-opakowaniu-100x100.jpg 100w\" sizes=\"auto, (max-width: 500px) 100vw, 500px\" \/><\/a><\/figure>\n<\/div>\n\n\n\n<div class=\"wp-block-column is-layout-flow wp-block-column-is-layout-flow\">\n<figure class=\"wp-block-image size-full\"><a href=\"https:\/\/zalatanapszczola.pl\/index.php\/sklep-2\/\"><img loading=\"lazy\" decoding=\"async\" width=\"500\" height=\"500\" src=\"https:\/\/zalatanapszczola.pl\/wp-content\/uploads\/2021\/12\/swieca-czarna-zapalona-7.jpg\" alt=\"\" class=\"wp-image-1173\" srcset=\"https:\/\/zalatanapszczola.pl\/wp-content\/uploads\/2021\/12\/swieca-czarna-zapalona-7.jpg 500w, https:\/\/zalatanapszczola.pl\/wp-content\/uploads\/2021\/12\/swieca-czarna-zapalona-7-300x300.jpg 300w, https:\/\/zalatanapszczola.pl\/wp-content\/uploads\/2021\/12\/swieca-czarna-zapalona-7-150x150.jpg 150w, https:\/\/zalatanapszczola.pl\/wp-content\/uploads\/2021\/12\/swieca-czarna-zapalona-7-400x400.jpg 400w, https:\/\/zalatanapszczola.pl\/wp-content\/uploads\/2021\/12\/swieca-czarna-zapalona-7-100x100.jpg 100w\" sizes=\"auto, (max-width: 500px) 100vw, 500px\" \/><\/a><\/figure>\n<\/div>\n<\/div>\n\n\n\n<div style=\"height:50px\" aria-hidden=\"true\" class=\"wp-block-spacer\"><\/div>\n\n\n\n<div style=\"height:100px\" aria-hidden=\"true\" class=\"wp-block-spacer\"><\/div>\n\n\n\n<p><\/p>\n","protected":false},"excerpt":{"rendered":"<p>Naturalne \u015bwiece od Zalatanej Pszczo\u0142y Moje \u015bwiece z wosku pszczelego pozostawiaj\u0105 delikatny zapach miodu. Tworz\u0105 romantyczny i przytulny nastr\u00f3j. Dzia\u0142aj\u0105 relaksacyjnie i wyciszaj\u0105 emocje. Nie dymi\u0105, likwiduj\u0105 zapach dymu tytoniowego, uspokajaj\u0105 i poprawiaj\u0105 koncentracj\u0119. Dzi\u0119ki &#8230; <\/p>\n<p class=\"read-more-container\"><a title=\"\u015awiece\" class=\"read-more button\" href=\"https:\/\/zalatanapszczola.pl\/index.php\/swiece\/#more-198\" aria-label=\"Dowiedz si\u0119 wi\u0119cej o \u015awiece\">Czytaj dalej<\/a><\/p>\n","protected":false},"author":1,"featured_media":0,"parent":0,"menu_order":0,"comment_status":"closed","ping_status":"closed","template":"","meta":{"footnotes":""},"class_list":["post-198","page","type-page","status-publish"],"_links":{"self":[{"href":"https:\/\/zalatanapszczola.pl\/index.php\/wp-json\/wp\/v2\/pages\/198","targetHints":{"allow":["GET"]}}],"collection":[{"href":"https:\/\/zalatanapszczola.pl\/index.php\/wp-json\/wp\/v2\/pages"}],"about":[{"href":"https:\/\/zalatanapszczola.pl\/index.php\/wp-json\/wp\/v2\/types\/page"}],"author":[{"embeddable":true,"href":"https:\/\/zalatanapszczola.pl\/index.php\/wp-json\/wp\/v2\/users\/1"}],"replies":[{"embeddable":true,"href":"https:\/\/zalatanapszczola.pl\/index.php\/wp-json\/wp\/v2\/comments?post=198"}],"version-history":[{"count":52,"href":"https:\/\/zalatanapszczola.pl\/index.php\/wp-json\/wp\/v2\/pages\/198\/revisions"}],"predecessor-version":[{"id":1200,"href":"https:\/\/zalatanapszczola.pl\/index.php\/wp-json\/wp\/v2\/pages\/198\/revisions\/1200"}],"wp:attachment":[{"href":"https:\/\/zalatanapszczola.pl\/index.php\/wp-json\/wp\/v2\/media?parent=198"}],"curies":[{"name":"wp","href":"https:\/\/api.w.org\/{rel}","templated":true}]}}