{"id":302,"date":"2021-05-17T09:04:21","date_gmt":"2021-05-17T07:04:21","guid":{"rendered":"https:\/\/zalatanapszczola.pl\/?page_id=302"},"modified":"2021-06-26T10:55:51","modified_gmt":"2021-06-26T08:55:51","slug":"polityka-prywatnosci","status":"publish","type":"page","link":"https:\/\/zalatanapszczola.pl\/index.php\/polityka-prywatnosci\/","title":{"rendered":"Polityka prywatno\u015bci"},"content":{"rendered":"\n<p><strong>Polityka Prywatno\u015bci, RODO.<\/strong><\/p>\n\n\n\n<p>INFORMACJA ADMINISTRATORA DANYCH OSOBOWYCH SPORZ\u0104DZONA NA PODSTAWIE ART. 13 UST. 1 i 2 OG\u00d3LNEGO ROZPORZ\u0104DZENIA O OCHRONIE DANYCH (RODO)<br>W zwi\u0105zku z wej\u015bciem w \u017cycie i konieczno\u015bci\u0105 stosowania Rozporz\u0105dzenia Parlamentu Europejskiego i Rady (UE) 2016\/679 z dnia 27 kwietnia 2016 r. w sprawie ochrony os\u00f3b fizycznych w zwi\u0105zku z przetwarzaniem danych osobowych i w sprawie swobodnego przep\u0142ywu takich danych oraz uchylenia dyrektywy 95\/46\/WE (og\u00f3lne rozporz\u0105dzenie o ochronie danych) (zwanego dalej \u201eRozporz\u0105dzeniem\u201d) w\u0142a\u015bciciel domeny internetowej\u00a0przedstawia poni\u017csze informacje dotycz\u0105ce zasad przetwarzania Pani\/Pana danych osobowych.<br>1.Serwis internetowy przetwarza Pani\/Pana dane osobowe w nast\u0119puj\u0105cych celach:<br>a)zrealizowania us\u0142ug oferowanych na stronie\u00a0internetowej,<br>b)przekazania Pani\/Pana danych osobowych do ING Banku \u015al\u0105skiego S.A. (\u201eBank\u201d) w zwi\u0105zku z<br>\u015bwiadczeniem przez Bank na rzecz Sklepu internetowego us\u0142ugi udost\u0119pnienia infrastruktury do obs\u0142ugi p\u0142atno\u015bci przez Internet (podstawa prawna: art. 6 ust. 1 lit. f) Rozporz\u0105dzenia).<br>obs\u0142ug\u0105 i rozliczaniem przez Bank p\u0142atno\u015bci dokonywanych przez klient\u00f3w Sklepu internetowego przez Internet przy u\u017cyciu instrument\u00f3w p\u0142atniczych (podstawa prawna: art. 6 ust. 1 lit. f) Rozporz\u0105dzenia).<br>w celu weryfikacji przez Bank nale\u017cytego wykonania um\u00f3w zawartych ze Sklepem internetowym, w szczeg\u00f3lno\u015bci zapewnienia ochrony interes\u00f3w p\u0142atnik\u00f3w w zwi\u0105zku ze sk\u0142adanymi przez nich reklamacjami (podstawa prawna: art. 6 ust. 1 lit. f) Rozporz\u0105dzenia).<br>c)przekazania Pani\/Pana danych osobowych do Twisto Polska sp. z o.o. w zwi\u0105zku z mo\u017cliwo\u015bci\u0105 zaproponowania dokonania zap\u0142aty za nabyty towar lub us\u0142ug\u0119 przez Twisto Polska sp. z o.o. w ramach umowy zlecenia obejmuj\u0105cej formu\u0142\u0119 zakupow\u0105 \u201eKup z Twisto\u201d i udost\u0119pnieniem tej formu\u0142y zakupowej przez Sklep internetowy, a tak\u017ce celu weryfikacji przez Twisto Polska Sp. z o.o. nale\u017cytego wykonania takich um\u00f3w zlecenie (podstawa prawna: art. 6 ust. 1 lit. f) Rozporz\u0105dzenia).<br>2.Poza celami wskazanymi w ust. 1 (cel pierwszorz\u0119dny), Sklep internetowy mo\u017ce przetwarza\u0107 Pani\/Pana dane osobowe w innych prawnie dopuszczalnych celach (cel drugorz\u0119dny), gdy cel pierwszorz\u0119dny i drugorz\u0119dny s\u0105 ze sob\u0105 \u015bci\u015ble powi\u0105zane. W ramach takiego przetwarzania Sklep internetowy dzia\u0142aj\u0105c na podstawie art. 6 ust. 1 lit. f) Rozporz\u0105dzenia, przewiduje przetwarzanie danych osobowych tak\u017ce w nast\u0119puj\u0105cych celach drugorz\u0119dnych: prowadzenie nadzoru nad stron\u0105 w celach marketingowych i innych.<br>a)O ile wyrazili Pa\u0144stwo zgod\u0119 na zapis do newslettera, podany przez Pa\u0144stwa adres email\u00a0b\u0119dzie on wykorzystywany w celach marketingowych w\u0142asnych produkt\u00f3w Twisto Polska sp. z o.o.\u00a0Zgoda ta mo\u017ce by\u0107 cofni\u0119ta w ka\u017cdym czasie, np. poprzez klikni\u0119cie w link rezygnacji.<br>3.Przetwarzanie Pani\/Pana danych osobowych w celach okre\u015blonych w ust. 3 nast\u0119powa\u0107 b\u0119dzie w zwi\u0105zku z istnieniem prawnie uzasadnianego interesu realizowanego przez Sklep internetowy.<br>4.W zwi\u0105zku z przetwarzaniem danych osobowych w celach okre\u015blonych w ust.2, Pani\/Pana dane osobowe mog\u0105 zosta\u0107 udost\u0119pnione przez Sklep internetowy innym odbiorcom lub kategoriom odbiorc\u00f3w danych osobowych, kt\u00f3rymi mog\u0105 by\u0107:<br>a)ING Bank \u015al\u0105ski S.A.<br>b)Twisto Polska sp. z o.o.<br>5.Pani\/Pana dane osobowe b\u0119d\u0105 przetwarzane przez okres uzasadniony do realizacji cel\u00f3w wskazanych w ust. 3.<br>6.W zwi\u0105zku z przetwarzaniem Pani\/Pana danych osobowych przys\u0142uguje Panu\/Pani:<br>a)prawo dost\u0119pu do tre\u015bci swoich danych osobowych;<br>b)prawo do ich sprostowania, gdy s\u0105 niezgodne ze stanem rzeczywistym;<br>c)prawo do ich usuni\u0119cia lub ograniczenia przetwarzania danych;<br>d)prawo do wniesienia sprzeciwu wobec przetwarzania danych osobowych;<br>e)prawo do przenoszenia danych.<br>7.W przypadku, gdy przetwarzanie Pani\/Pana danych osobowych odbywa si\u0119 na podstawie zgody, ma Pani\/Pan prawo do wycofania takiej zgody w dowolnym momencie. Cofni\u0119cie zgody nie wp\u0142ywa na przetwarzanie danych przed cofni\u0119ciem zgody ani podstaw\u0119 prawn\u0105 tego przetwarzania.<br>8.W przypadku, gdy podanie przez Pani\u0105\/Pana danych osobowych nast\u0119puje w celu zawarcia umowy ze Sklepem internetowym, podanie przez Pani\u0105\/Pana danych osobowych jest warunkiem zawarcia tej Umowy. Podanie danych osobowych w tej sytuacji jest dobrowolne, jednak konsekwencj\u0105 niepodania tych danych b\u0119dzie brak mo\u017cliwo\u015bci zawarcia umowy ze Sklepem internetowym.<br>9.W przypadku, gdy podanie przez Pani\u0105\/Pana danych osobowych nast\u0119puje w celu przekazania Pani\/Pana danych osobowych do Twisto Polska sp. z o.o. przed zawarciem umowy sprzeda\u017cy towaru (lub us\u0142ugi) nabywanego w Sklepie internetowym, przekazanie tych danych jest warunkiem zawarcia umowy sprzeda\u017cy w zwi\u0105zku modelem biznesowym prowadzenia dzia\u0142alno\u015bci przyj\u0119tym przez Sklep internetowy.<br>10.W przypadku przekazania Pani\/Pana danych osobowych do Banku w zwi\u0105zku z obs\u0142ug\u0105 i rozliczaniem p\u0142atno\u015bci dokonywanych przez Pani\u0105\/Pana p\u0142atno\u015bci na rzecz Sklepu internetowego przez Internet przy u\u017cyciu instrument\u00f3w p\u0142atniczych, podanie danych jest wymagane w celu realizacji p\u0142atno\u015bci i przekazania potwierdzenia jej dokonania przez Bank na rzecz Sklepu internetowego.<br>11.W przypadku przekazania Pani\/Pana danych osobowych do Banku w celu weryfikacji przez Bank nale\u017cytego wykonania um\u00f3w zawartych ze Sklepem internetowym, w szczeg\u00f3lno\u015bci zapewnienia ochrony interes\u00f3w p\u0142atnik\u00f3w w zwi\u0105zku ze sk\u0142adanymi przez nich reklamacjami podanie tych danych jest wymagane w celu umo\u017cliwienia realizacji umowy zawartej pomi\u0119dzy Sklepem internetowym a Bankiem.<br>12.W przypadku przekazania Pani\/Pana danych osobowych do Twisto Polska sp. z o.o. w zwi\u0105zku z mo\u017cliwo\u015bci\u0105 zaproponowania Pani\/Panu dokonania zap\u0142aty ceny za nabyty przez Pani\u0105\/Pana towar lub us\u0142ug\u0119 przez Twisto Polska sp. z o.o. w ramach umowy zlecenia obejmuj\u0105cej formu\u0142\u0119 zakupow\u0105 \u201eKup z Twisto\u201d i udost\u0119pnieniem tej formu\u0142y przez Sklep internetowy, podanie tych danych i przetwarzanie ich w tym celu jest wymagane w zwi\u0105zku modelem biznesowym prowadzenia dzia\u0142alno\u015bci przyj\u0119tym przez Sklep internetowy i w celu realizacji umowy zawartej pomi\u0119dzy Sklepem internetowym a Twisto Polska Sp. z o.o.<br>13.Przys\u0142uguj\u0105ce Pa\u0144stwu prawa okre\u015blono zosta\u0142y w Polityce Prywatno\u015bci w\u00a0pkt. nr 7.<\/p>\n\n\n\n<p>W sprawach nieuregulowanych regulaminem zastosowanie maj\u0105 postanowienia Kodeksu cywilnego i odpowiednich ustaw prawa polskiego, a tak\u017ce prawa Unii Europejskiej, w szczeg\u00f3lno\u015bci RODO (Rozporz\u0105dzenie Parlamentu Europejskiego i Rady (UE) 2016\/679 z dnia 27 kwietnia 2016 r. w sprawie ochrony os\u00f3b fizycznych w zwi\u0105zku z przetwarzaniem danych osobowych i w sprawie swobodnego przep\u0142ywu takich danych oraz uchylenia dyrektywy 95\/46\/WE). <br>Maj\u0105 Pa\u0144stwo prawo wniesienia skargi do organu nadzorczego zajmuj\u0105cego si\u0119 ochron\u0105 danych osobowych \u2013 Prezesa Urz\u0119du Ochrony Danych Osobowych.<\/p>\n\n\n\n<p>Administratorem Pani\/Pana danych osobowych jest: Studio Kozak, ul. Krzy\u017canowskiego 29, 30-698 Krak\u00f3w, NIP: 6761218081<br>\u017b\u0105dania z zakresu przetwarzania danych osobowych mog\u0105 Pa\u0144stwo zg\u0142asza\u0107 mailowo na adres administratora danych e-mail: lukasz@zalatanapszczola.pl<\/p>\n\n\n\n<p><\/p>\n","protected":false},"excerpt":{"rendered":"<p>Polityka Prywatno\u015bci, RODO. INFORMACJA ADMINISTRATORA DANYCH OSOBOWYCH SPORZ\u0104DZONA NA PODSTAWIE ART. 13 UST. 1 i 2 OG\u00d3LNEGO ROZPORZ\u0104DZENIA O OCHRONIE DANYCH (RODO)W zwi\u0105zku z wej\u015bciem w \u017cycie i konieczno\u015bci\u0105 stosowania Rozporz\u0105dzenia Parlamentu Europejskiego i Rady &#8230; <\/p>\n<p class=\"read-more-container\"><a title=\"Polityka prywatno\u015bci\" class=\"read-more button\" href=\"https:\/\/zalatanapszczola.pl\/index.php\/polityka-prywatnosci\/#more-302\" aria-label=\"Dowiedz si\u0119 wi\u0119cej o Polityka prywatno\u015bci\">Czytaj dalej<\/a><\/p>\n","protected":false},"author":1,"featured_media":0,"parent":0,"menu_order":0,"comment_status":"closed","ping_status":"closed","template":"","meta":{"footnotes":""},"class_list":["post-302","page","type-page","status-publish"],"_links":{"self":[{"href":"https:\/\/zalatanapszczola.pl\/index.php\/wp-json\/wp\/v2\/pages\/302","targetHints":{"allow":["GET"]}}],"collection":[{"href":"https:\/\/zalatanapszczola.pl\/index.php\/wp-json\/wp\/v2\/pages"}],"about":[{"href":"https:\/\/zalatanapszczola.pl\/index.php\/wp-json\/wp\/v2\/types\/page"}],"author":[{"embeddable":true,"href":"https:\/\/zalatanapszczola.pl\/index.php\/wp-json\/wp\/v2\/users\/1"}],"replies":[{"embeddable":true,"href":"https:\/\/zalatanapszczola.pl\/index.php\/wp-json\/wp\/v2\/comments?post=302"}],"version-history":[{"count":9,"href":"https:\/\/zalatanapszczola.pl\/index.php\/wp-json\/wp\/v2\/pages\/302\/revisions"}],"predecessor-version":[{"id":1074,"href":"https:\/\/zalatanapszczola.pl\/index.php\/wp-json\/wp\/v2\/pages\/302\/revisions\/1074"}],"wp:attachment":[{"href":"https:\/\/zalatanapszczola.pl\/index.php\/wp-json\/wp\/v2\/media?parent=302"}],"curies":[{"name":"wp","href":"https:\/\/api.w.org\/{rel}","templated":true}]}}