{"id":322,"date":"2021-05-17T10:55:09","date_gmt":"2021-05-17T08:55:09","guid":{"rendered":"https:\/\/zalatanapszczola.pl\/?page_id=322"},"modified":"2021-06-14T16:10:12","modified_gmt":"2021-06-14T14:10:12","slug":"miod","status":"publish","type":"page","link":"https:\/\/zalatanapszczola.pl\/index.php\/miod\/","title":{"rendered":"Mi\u00f3d"},"content":{"rendered":"\n<h2 class=\"has-text-align-center wp-block-heading\"><span class=\"has-inline-color has-black-color\">Mi\u00f3d z dzikiej \u0142\u0105ki<\/span><\/h2>\n\n\n\n<p class=\"has-text-align-center\">M\u00f3j mi\u00f3d pochodzi wy\u0142\u0105cznie z ro\u015blin nieuprawnych. Uwa\u017cam \u017ce najzdrowszy jest mi\u00f3d zio\u0142owy z kwiat\u00f3w rosn\u0105cych na \u0142\u0105kach i le\u015bnych polanach. R\u00f3\u017cnorodno\u015b\u0107 daje bogaty smak i wi\u0119cej sk\u0142adnik\u00f3w prozdrowotnych.<\/p>\n\n\n\n<div style=\"height:25px\" aria-hidden=\"true\" class=\"wp-block-spacer\"><\/div>\n\n\n\n<figure class=\"wp-block-video aligncenter\"><video height=\"1080\" style=\"aspect-ratio: 1920 \/ 1080;\" width=\"1920\" autoplay loop muted src=\"https:\/\/zalatanapszczola.pl\/wp-content\/uploads\/2021\/05\/20210509_091002.mp4\"><\/video><\/figure>\n\n\n\n<div style=\"height:250px\" aria-hidden=\"true\" class=\"wp-block-spacer\"><\/div>\n\n\n\n<p><\/p>\n","protected":false},"excerpt":{"rendered":"<p>Mi\u00f3d z dzikiej \u0142\u0105ki M\u00f3j mi\u00f3d pochodzi wy\u0142\u0105cznie z ro\u015blin nieuprawnych. Uwa\u017cam \u017ce najzdrowszy jest mi\u00f3d zio\u0142owy z kwiat\u00f3w rosn\u0105cych na \u0142\u0105kach i le\u015bnych polanach. R\u00f3\u017cnorodno\u015b\u0107 daje bogaty smak i wi\u0119cej sk\u0142adnik\u00f3w prozdrowotnych.<\/p>\n","protected":false},"author":1,"featured_media":0,"parent":0,"menu_order":0,"comment_status":"closed","ping_status":"closed","template":"","meta":{"footnotes":""},"class_list":["post-322","page","type-page","status-publish"],"_links":{"self":[{"href":"https:\/\/zalatanapszczola.pl\/index.php\/wp-json\/wp\/v2\/pages\/322","targetHints":{"allow":["GET"]}}],"collection":[{"href":"https:\/\/zalatanapszczola.pl\/index.php\/wp-json\/wp\/v2\/pages"}],"about":[{"href":"https:\/\/zalatanapszczola.pl\/index.php\/wp-json\/wp\/v2\/types\/page"}],"author":[{"embeddable":true,"href":"https:\/\/zalatanapszczola.pl\/index.php\/wp-json\/wp\/v2\/users\/1"}],"replies":[{"embeddable":true,"href":"https:\/\/zalatanapszczola.pl\/index.php\/wp-json\/wp\/v2\/comments?post=322"}],"version-history":[{"count":27,"href":"https:\/\/zalatanapszczola.pl\/index.php\/wp-json\/wp\/v2\/pages\/322\/revisions"}],"predecessor-version":[{"id":1210,"href":"https:\/\/zalatanapszczola.pl\/index.php\/wp-json\/wp\/v2\/pages\/322\/revisions\/1210"}],"wp:attachment":[{"href":"https:\/\/zalatanapszczola.pl\/index.php\/wp-json\/wp\/v2\/media?parent=322"}],"curies":[{"name":"wp","href":"https:\/\/api.w.org\/{rel}","templated":true}]}}