{"id":954,"date":"2021-06-10T08:05:21","date_gmt":"2021-06-10T06:05:21","guid":{"rendered":"https:\/\/zalatanapszczola.pl\/?page_id=954"},"modified":"2021-06-23T10:43:59","modified_gmt":"2021-06-23T08:43:59","slug":"polityka-cookies","status":"publish","type":"page","link":"https:\/\/zalatanapszczola.pl\/index.php\/polityka-cookies\/","title":{"rendered":"Polityka cookies"},"content":{"rendered":"\n<p><strong>Polityka cookies<\/strong><\/p>\n\n\n\n<ol class=\"wp-block-list\"><li>Administrator wykorzystuje pliki cookies (ciasteczka), czyli niewielkie informacje tekstowe, przechowywane na urz\u0105dzeniu ko\u0144cowym U\u017cytkownika (np. komputerze, tablecie, smartfonie). Cookies mog\u0105 by\u0107 odczytywane przez system teleinformatyczny Administratora.<\/li><li>Administrator przechowuje pliki cookies na urz\u0105dzeniu ko\u0144cowym U\u017cytkownika, a nast\u0119pnie uzyskuje dost\u0119p do informacji w nich zawartych w celach:<ol><li>tworzenia statystyk, kt\u00f3re pomagaj\u0105 zrozumie\u0107, w jaki spos\u00f3b U\u017cytkownicy korzystaj\u0105 ze stron internetowych, co umo\u017cliwia ulepszanie ich struktury i zawarto\u015bci;<\/li><li>marketingowych (remarketing)<\/li><li>okre\u015blania profilu U\u017cytkownika w celu wy\u015bwietlania mu dopasowanych materia\u0142\u00f3w w sieciach reklamowych, w szczeg\u00f3lno\u015bci sieci Google,<\/li><li>zapewnienia prawid\u0142owego dzia\u0142ania Sklepu.<\/li><\/ol><\/li><li>Istnieje mo\u017cliwo\u015b\u0107 takiej konfiguracji przegl\u0105darki internetowej przez U\u017cytkownika, kt\u00f3ra uniemo\u017cliwia przechowywanie plik\u00f3w cookies na urz\u0105dzeniu ko\u0144cowym. Jednak, w takiej sytuacji, korzystanie ze strony internetowej przez U\u017cytkownika mo\u017ce by\u0107 utrudnione.<\/li><li>Pliki cookies mog\u0105 by\u0107 przez U\u017cytkownika usuni\u0119te po ich zapisaniu poprzez odpowiednie funkcje przegl\u0105darki internetowej, programy s\u0142u\u017c\u0105ce w tym celu lub skorzystanie z odpowiednich narz\u0119dzi dost\u0119pnych w ramach systemu operacyjnego, z kt\u00f3rego korzysta U\u017cytkownik.<\/li><li>Pod tymi linkami zamieszczone s\u0105 informacje o sposobach usuni\u0119cia cookies w najpopularniejszych przegl\u0105darkach internetowych:<br>\u2981 Firefox: http:\/\/support.mozilla.org\/pl\/kb\/usuwanie-ciasteczek,<br>\u2981 Opera: http:\/\/help.opera.com\/Linux\/9.60\/pl\/cookies.html,<br>\u2981 Internet Explorer: http:\/\/support.microsoft.com\/kb\/278835\/pl,<br>\u2981 Chrome: http:\/\/support.google.com\/chrome\/bin\/answer.py?hl=pl&amp;answer=95647<br>\u2981 Safari: http:\/\/support.apple.com\/kb\/HT1677?viewlocale=pl_PL<\/li><\/ol>\n","protected":false},"excerpt":{"rendered":"<p>Polityka cookies Administrator wykorzystuje pliki cookies (ciasteczka), czyli niewielkie informacje tekstowe, przechowywane na urz\u0105dzeniu ko\u0144cowym U\u017cytkownika (np. komputerze, tablecie, smartfonie). Cookies mog\u0105 by\u0107 odczytywane przez system teleinformatyczny Administratora. Administrator przechowuje pliki cookies na urz\u0105dzeniu ko\u0144cowym &#8230; <\/p>\n<p class=\"read-more-container\"><a title=\"Polityka cookies\" class=\"read-more button\" href=\"https:\/\/zalatanapszczola.pl\/index.php\/polityka-cookies\/#more-954\" aria-label=\"Dowiedz si\u0119 wi\u0119cej o Polityka cookies\">Czytaj dalej<\/a><\/p>\n","protected":false},"author":1,"featured_media":0,"parent":0,"menu_order":0,"comment_status":"closed","ping_status":"closed","template":"","meta":{"footnotes":""},"class_list":["post-954","page","type-page","status-publish"],"_links":{"self":[{"href":"https:\/\/zalatanapszczola.pl\/index.php\/wp-json\/wp\/v2\/pages\/954","targetHints":{"allow":["GET"]}}],"collection":[{"href":"https:\/\/zalatanapszczola.pl\/index.php\/wp-json\/wp\/v2\/pages"}],"about":[{"href":"https:\/\/zalatanapszczola.pl\/index.php\/wp-json\/wp\/v2\/types\/page"}],"author":[{"embeddable":true,"href":"https:\/\/zalatanapszczola.pl\/index.php\/wp-json\/wp\/v2\/users\/1"}],"replies":[{"embeddable":true,"href":"https:\/\/zalatanapszczola.pl\/index.php\/wp-json\/wp\/v2\/comments?post=954"}],"version-history":[{"count":4,"href":"https:\/\/zalatanapszczola.pl\/index.php\/wp-json\/wp\/v2\/pages\/954\/revisions"}],"predecessor-version":[{"id":1038,"href":"https:\/\/zalatanapszczola.pl\/index.php\/wp-json\/wp\/v2\/pages\/954\/revisions\/1038"}],"wp:attachment":[{"href":"https:\/\/zalatanapszczola.pl\/index.php\/wp-json\/wp\/v2\/media?parent=954"}],"curies":[{"name":"wp","href":"https:\/\/api.w.org\/{rel}","templated":true}]}}