{"id":965,"date":"2021-06-10T09:35:05","date_gmt":"2021-06-10T07:35:05","guid":{"rendered":"https:\/\/zalatanapszczola.pl\/?page_id=965"},"modified":"2021-06-29T10:33:44","modified_gmt":"2021-06-29T08:33:44","slug":"regulamin-sklepu","status":"publish","type":"page","link":"https:\/\/zalatanapszczola.pl\/index.php\/regulamin-sklepu\/","title":{"rendered":"Regulamin sklepu"},"content":{"rendered":"\n<p><strong>REGULAMIN SKLEPU INTERNETOWEGO https:\/\/zalatanapszczola.pl\/<\/strong><\/p>\n\n\n\n<p><\/p>\n\n\n\n<p><strong>\u00a7 1<\/strong><\/p>\n\n\n\n<p><strong>POSTANOWIENIA OG\u00d3LNE<\/strong><\/p>\n\n\n\n<ol class=\"wp-block-list\"><li>Sklep https:\/\/zalatanapszczola.pl\/ dzia\u0142a na zasadach okre\u015blonych w niniejszym Regulaminie.<\/li><li>Regulamin okre\u015bla warunki zawierania i rozwi\u0105zywania Um\u00f3w Sprzeda\u017cy Produktu oraz tryb post\u0119powania reklamacyjnego przez Sklep https:\/\/zalatanapszczola.pl\/ drog\u0105 elektroniczn\u0105.<\/li><li>Ka\u017cdy Kupuj\u0105cy z chwil\u0105 podj\u0119cia czynno\u015bci zmierzaj\u0105cych zakupu towar\u00f3w przez Sklep https:\/\/zalatanapszczola.pl\/ zobowi\u0105zany jest do przestrzegania postanowie\u0144 niniejszego Regulaminu.<\/li><li>W sprawach nieuregulowanych w niniejszym Regulaminie maj\u0105 zastosowanie przepisy:<ol><li>Ustawy o \u015bwiadczeniu us\u0142ug drog\u0105 elektroniczn\u0105 z dnia 18 lipca 2002 r. (Dz. U. Nr 144, poz. 1204 ze zm.),<\/li><li>Ustawy Kodeks cywilny z dnia 23 kwietnia 1964 r. (Dz. U. Nr 16, poz. 93 ze zm.) oraz inne w\u0142a\u015bciwe przepisy prawa polskiego.<\/li><\/ol><\/li><\/ol>\n\n\n\n<p><strong>\u00a7 2<\/strong><\/p>\n\n\n\n<p><strong>DEFINICJE ZAWARTE W REGULAMINIE<\/strong><\/p>\n\n\n\n<ol class=\"wp-block-list\"><li>FORMULARZ REJESTRACJI \u2013 formularz dost\u0119pny na stronie internetowej https:\/\/zalatanapszczola.pl\/ umo\u017cliwiaj\u0105cy utworzenie Konta.<\/li><li>FORMULARZ ZAM\u00d3WIENIA \u2013 formularz dost\u0119pny na stronie internetowej https:\/\/zalatanapszczola.pl\/ umo\u017cliwiaj\u0105cy z\u0142o\u017cenie Zam\u00f3wienia.<\/li><li>KONSUMENT osoba fizyczna, kt\u00f3ra zgodnie z art. 221 kodeksu cywilnego dokonuje z przedsi\u0119biorc\u0105 czynno\u015bci prawnej niezwi\u0105zanej bezpo\u015brednio z jej dzia\u0142alno\u015bci\u0105 gospodarcz\u0105 lub zawodow\u0105.<\/li><li>PRZEDSI\u0118BIORCA osoba fizyczna, osoba prawna, jednostka organizacyjna nieposiadaj\u0105c\u0105 osobowo\u015bci prawnej, kt\u00f3ra zgodnie z art. 431 kodeksu cywilnego prowadzi we w\u0142asnym imieniu dzia\u0142alno\u015b\u0107 gospodarcz\u0105 lub zawodow\u0105 w zwi\u0105zku z czynno\u015bciami prawnymi, kt\u00f3rych zakres obejmuje tre\u015b\u0107 niniejszego regulaminu.<\/li><li>PRZEDSI\u0118BIORCA NA PRAWACH KONSUMENTA osoba fizyczna zawieraj\u0105ca umow\u0119 bezpo\u015brednio zwi\u0105zan\u0105 z jej dzia\u0142alno\u015bci\u0105 gospodarcz\u0105, gdy z tre\u015bci tej umowy wynika, \u017ce nie posiada ona dla tej osoby charakteru zawodowego, wynikaj\u0105cego w szczeg\u00f3lno\u015bci z przedmiotu wykonywanej przez ni\u0105 dzia\u0142alno\u015bci gospodarczej, udost\u0119pnionego na podstawie przepis\u00f3w o Centralnej Ewidencji i Informacji o Dzia\u0142alno\u015bci Gospodarczej.<\/li><li>KONTO \u2013 oznaczony indywidualn\u0105 nazw\u0105 (loginem) oraz has\u0142em, zbi\u00f3r zasob\u00f3w w systemie teleinformatycznym Us\u0142ugodawcy, w kt\u00f3rym gromadzone s\u0105 dane Us\u0142ugobiorcy w tym informacje o z\u0142o\u017conych Zam\u00f3wieniach.<\/li><li>PRODUKT \u2013 dost\u0119pny w Sklepie produkt albo us\u0142uga, b\u0119d\u0105ca przedmiotem Umowy Sprzeda\u017cy mi\u0119dzy Klientem a Sprzedawc\u0105.<\/li><li>REGULAMIN &#8211; niniejszy regulamin Sklepu.<\/li><li>SKLEP &#8211; Sklep internetowy Us\u0142ugodawcy dzia\u0142aj\u0105ca pod adresem https:\/\/zalatanapszczola.pl\/.<\/li><li>SPRZEDAWCA, US\u0141UGODAWCA \u2013 \u0141ukasz Kozak wykonuj\u0105cy dzia\u0142alno\u015b\u0107 gospodarcz\u0105 pod firm\u0105 STUDIO KOZAK \u0141UKASZ KOZAK wpisan\u0105 do Centralnej Ewidencji i Informacji o Dzia\u0142alno\u015bci Gospodarczej Rzeczypospolitej Polskiej prowadzonej przez ministra w\u0142a\u015bciwego do spraw gospodarki, miejsce wykonywania dzia\u0142alno\u015bci oraz adres do dor\u0119cze\u0144: ul. Adama Krzy\u017canowskiego 29, 30-698 Krak\u00f3w, NIP: 6761218081, REGON: 121274637, adres poczty elektronicznej (e-mail): lukasz[at]zalatanapszczola.pl.<\/li><li>SYSTEM OPINII &#8211; Us\u0142uga Elektroniczna udost\u0119pniona Klientom przez Us\u0142ugodawc\u0119, umo\u017cliwiaj\u0105ca zamieszczanie opinii dotycz\u0105cych przebiegu i realizacji transakcji.<\/li><li>TRE\u015aCI CYFROWE &#8211; dane wytwarzane i dostarczane przez Sprzedawc\u0119 w formie cyfrowej.<\/li><li>UMOWA ZAWARTA NA ODLEG\u0141O\u015a\u0106 oznacza ka\u017cd\u0105 umow\u0119 zawart\u0105 pomi\u0119dzy sprzedaj\u0105cym (przedsi\u0119biorc\u0105) a kupuj\u0105cym (konsumentem lub przedsi\u0119biorc\u0105 na prawach konsumenta) w ramach zorganizowanego systemu zawierania um\u00f3w na odleg\u0142o\u015b\u0107, bez jednoczesnej fizycznej obecno\u015bci stron, z wy\u0142\u0105cznym wykorzystaniem jednego lub wi\u0119kszej liczby \u015brodk\u00f3w porozumiewania si\u0119 na odleg\u0142o\u015b\u0107 do chwili zawarcia umowy w\u0142\u0105cznie.<\/li><li>US\u0141UGA ELEKTRONICZNA \u2013 us\u0142uga \u015bwiadczona drog\u0105 elektroniczn\u0105 przez Us\u0142ugodawc\u0119 na rzecz Us\u0142ugobiorcy za po\u015brednictwem Sklepu.<\/li><li>US\u0141UGOBIORCA \u2013 osoba fizyczna, osoba prawna albo jednostka organizacyjna nieposiadaj\u0105ca osobowo\u015bci prawnej, kt\u00f3rej ustawa przyznaje zdolno\u015b\u0107 prawn\u0105 korzystaj\u0105ca z Us\u0142ugi Elektronicznej.<\/li><li>ZAM\u00d3WIENIE &#8211; o\u015bwiadczenie woli Klienta stanowi\u0105ce ofert\u0119 zawarcia Umowy Sprzeda\u017cy Produktu ze Sprzedawc\u0105.<\/li><li>GWARANCJA oznacza dobrowolne zobowi\u0105zanie si\u0119 producenta, udzielane na podstawie o\u015bwiadczenia gwarancyjnego, kt\u00f3re okre\u015bla jego obowi\u0105zki oraz uprawnienia kupuj\u0105cego (konsumenta) lub przedsi\u0119biorcy na prawach konsumenta, w przypadku gdy towar nie ma w\u0142a\u015bciwo\u015bci okre\u015blonych w tym o\u015bwiadczeniu. Gwarancja stanowi podstaw\u0119 prawn\u0105 do dochodzenia od gwaranta odpowiedzialno\u015bci za wadliwy towar.<\/li><li>R\u0118KOJMIA oznacza tryb dochodzenia odpowiedzialno\u015bci przez konsumenta lub osob\u0119 fizyczn\u0105 zawieraj\u0105c\u0105 umow\u0119 bezpo\u015brednio zwi\u0105zan\u0105 z jej dzia\u0142alno\u015bci\u0105 gospodarcz\u0105, gdy z tre\u015bci tej umowy wynika, \u017ce nie posiada ona dla tej osoby charakteru zawodowego, wynikaj\u0105cego w szczeg\u00f3lno\u015bci z przedmiotu wykonywanej przez ni\u0105 dzia\u0142alno\u015bci gospodarczej, udost\u0119pnionego na podstawie przepis\u00f3w o Centralnej Ewidencji i Informacji o Dzia\u0142alno\u015bci Gospodarczej od sprzedawcy (przedsi\u0119biorcy) w zwi\u0105zku z ujawnion\u0105 wad\u0105 fizyczn\u0105 (niezgodno\u015bci\u0105 z umow\u0105) lub prawn\u0105 zakupionego towaru, okre\u015blony w przepisach kodeksu cywilnego.<\/li><\/ol>\n\n\n\n<p><strong>\u00a7 3<\/strong><\/p>\n\n\n\n<p><strong>INFORMACJE DOTYCZ\u0104CE PRODUKT\u00d3W ORAZ ICH ZAMAWIANIA<\/strong><\/p>\n\n\n\n<ol class=\"wp-block-list\"><li>Informacje znajduj\u0105ce si\u0119 na stronach internetowych Sklepu nie stanowi\u0105 oferty w rozumieniu przepis\u00f3w prawa. Klient, sk\u0142adaj\u0105c Zam\u00f3wienie, sk\u0142ada ofert\u0119 kupna okre\u015blonego Produktu na warunkach podanych w jego opisie.<\/li><li>Cena Produktu uwidoczniona na stronie internetowej Sklepu przedstawia warto\u015b\u0107 brutto (zawiera podatek VAT), podana jest w z\u0142otych polskich (PLN).<\/li><li>Cena Produktu mo\u017ce ulec zmianie w szczeg\u00f3lno\u015bci w wyniku indywidualnie ustalonych warunk\u00f3w mi\u0119dzy Sprzedawc\u0105, a Klientem.<\/li><li>Zam\u00f3wienia mo\u017cna sk\u0142ada\u0107 poprzez witryn\u0119 internetow\u0105 za pomoc\u0105 Formularza Zam\u00f3wie\u0144 (Sklep https:\/\/zalatanapszczola.pl\/) \u2013 24 godziny na dob\u0119 przez ca\u0142y rok.<\/li><li>W celu z\u0142o\u017cenia Zam\u00f3wienia, Klient nie ma obowi\u0105zku do rejestracji Konta w Sklepu.<\/li><li>Warunkiem z\u0142o\u017cenia Zam\u00f3wienia w Sklepu przez Klienta jest zapoznanie si\u0119 z Regulaminem i akceptacja jego postanowie\u0144 w czasie sk\u0142adania Zam\u00f3wienia.<\/li><\/ol>\n\n\n\n<p><strong>\u00a7 4<\/strong><\/p>\n\n\n\n<p><strong>ZAWARCIE UMOWY SPRZEDA\u017bY<\/strong><\/p>\n\n\n\n<ol class=\"wp-block-list\"><li>Do zawarcia Umowy Sprzeda\u017cy, niezb\u0119dne jest wcze\u015bniejsze z\u0142o\u017cenie przez Klienta Zam\u00f3wienia udost\u0119pnionymi przez Sprzedawc\u0119 sposobami, zgodnie z \u00a7 3 pkt 4 oraz 6.<\/li><li>Po z\u0142o\u017ceniu Zam\u00f3wienia Sprzedawca niezw\u0142ocznie potwierdza jego otrzymanie.<\/li><li>Potwierdzenie przyj\u0119cia Zam\u00f3wienia do realizacji powoduje zwi\u0105zanie Klienta jego Zam\u00f3wieniem. Potwierdzenie otrzymania oraz przyj\u0119cie Zam\u00f3wienia do realizacji nast\u0119puje poprzez przes\u0142anie wiadomo\u015bci e-mail. &nbsp;<\/li><li>Z chwil\u0105 otrzymania przez Klienta wiadomo\u015bci e-mail, o kt\u00f3rej mowa w pkt 4 zostaje zawarta Umowa Sprzeda\u017cy mi\u0119dzy Klientem, a Sprzedawc\u0105.<\/li><\/ol>\n\n\n\n<p><strong>\u00a7 5<\/strong><\/p>\n\n\n\n<p><strong>SPOSOBY P\u0141ATNO\u015aCI<\/strong><\/p>\n\n\n\n<ol class=\"wp-block-list\"><li> Klient mo\u017ce wybra\u0107 nast\u0119puj\u0105ce formy p\u0142atno\u015bci za zam\u00f3wione Towary: P\u0142atno\u015bci BLIK, karta p\u0142atnicza, przelew elektroniczny poprzez zewn\u0119trzny system p\u0142atno\u015bci imoje, obs\u0142ugiwany przez firm\u0119 ING Bank \u015al\u0105ski S.A. z&nbsp;siedzib\u0105 w&nbsp;Katowicach.<br>W przypadku p\u0142atno\u015bci przelewem tradycyjnym, wp\u0142aty nale\u017cy dokona\u0107 na rachunek bankowy numer: 76 1050 1445 1000 0097 4067 3687 (BANK: ING Bank \u015al\u0105ski S.A.) STUDIO KOZAK \u0141UKASZ KOZAK, ul. Adama Krzy\u017canowskiego 29, 30-698 Krak\u00f3w, &nbsp;NIP: 6761218081. W tytule przelewu nale\u017cy wpisa\u0107 nr zam\u00f3wienia.<\/li><li>Klient zobowi\u0105zany jest do dokonania zap\u0142aty ceny z tytu\u0142u Umowy Sprzeda\u017cy w terminie 3 dni roboczych od dnia jej zawarcia, chyba \u017ce Umowa Sprzeda\u017cy stanowi inaczej.<\/li><li>Produkt zostanie wys\u0142any dopiero po jego op\u0142aceniu.<\/li><li>Sprzedawca ma prawo ograniczy\u0107 w stosunku do Klient\u00f3w nieb\u0119d\u0105cych Konsumentami udost\u0119pnione przez niego sposoby p\u0142atno\u015bci, w tym tak\u017ce wymaga\u0107 dokonania przedp\u0142aty &nbsp;cz\u0119\u015bci b\u0105d\u017a ca\u0142o\u015bci ceny sprzeda\u017cy bez wzgl\u0119du na wybrany przez Klienta spos\u00f3b p\u0142atno\u015bci oraz fakt zawarcia Umowy Sprzeda\u017cy.<\/li><\/ol>\n\n\n\n<p><strong>\u00a7 6<\/strong><\/p>\n\n\n\n<p><strong>TERMIN I SPOSOBY DOSTAWY PRODUKTU<\/strong><\/p>\n\n\n\n<ol class=\"wp-block-list\"><li>Czas kompletowania to czas, kt\u00f3ry up\u0142ywa od przyj\u0119cia zam\u00f3wienia do realizacji, do chwili przekazania zam\u00f3wionych towar\u00f3w w sklepie do wysy\u0142ki i trwa od 1 do 5 dni przy czym uwzgl\u0119dnia si\u0119 tylko dni robocze (od poniedzia\u0142ku do pi\u0105tku i poza dniami ustawowo wolnymi od pracy). Czas dostawy jest zale\u017cny od Firmy kurierskiej \u2013 z regu\u0142y 1- 2 dni robocze.<\/li><li>Koszty dostawy zawieraj\u0105 si\u0119 w kwocie od 12,29 z\u0142 do 33,70 z\u0142 i jest zale\u017cny od gabarytu przysy\u0142ki i wyboru firmy spedycyjnej.<\/li><\/ol>\n\n\n\n<p><strong>\u00a7 7<\/strong><\/p>\n\n\n\n<p><strong>ZASADY PRZYJMOWANIA ZWROT\u00d3W<\/strong><\/p>\n\n\n\n<ol class=\"wp-block-list\"><li>Kupuj\u0105cy ma prawo do pisemnego odst\u0105pienia od zawieranej umowy bez podania przyczyny w terminie czternastu dni, od daty zawarcia umowy na podstawie ustawy z dnia 30 maja 2014 r. (Dz.U. 2014 r. poz. 827 ze zm.) W przypadku pisemnego odst\u0105pienia od umowy Klient zobowi\u0105zany jest do zwrotu towaru w terminie czternastu dni. Uprawnienie, o kt\u00f3rym mowa powy\u017cej dotyczy r\u00f3wnie\u017c\u00a0osoby fizycznej zawieraj\u0105cej umow\u0119 bezpo\u015brednio zwi\u0105zan\u0105 z jej dzia\u0142alno\u015bci\u0105 gospodarcz\u0105, gdy z tre\u015bci tej umowy wynika, \u017ce nie posiada ona dla tej osoby charakteru zawodowego, wynikaj\u0105cego w szczeg\u00f3lno\u015bci z przedmiotu wykonywanej przez ni\u0105 dzia\u0142alno\u015bci gospodarczej, udost\u0119pnionego na podstawie przepis\u00f3w o Centralnej Ewidencji i Informacji o Dzia\u0142alno\u015bci Gospodarczej.<\/li><li>W przypadku odst\u0105pienia od umowy Sklep zwr\u00f3ci konsumentowi wszystkie uiszczone przez niego p\u0142atno\u015bci, z tym zastrze\u017ceniem, \u017ce koszty dor\u0119czenia konsumentowi towaru zostan\u0105 zwr\u00f3cone do wysoko\u015bci odpowiadaj\u0105cej najta\u0144szej opcji przesy\u0142ki dost\u0119pnej w danej ofercie.<\/li><li>Konsument jest zobowi\u0105zany do zwrotu towaru niezw\u0142ocznie, nie p\u00f3\u017aniej ni\u017c w terminie 14 dni od daty z\u0142o\u017cenia o\u015bwiadczenia, przy czym konsument jest zobowi\u0105zany pokry\u0107 wszystkie bezpo\u015brednie koszty zwrotu rzeczy.<\/li><li>Sklep https:\/\/zalatanapszczola.pl\/ nie ponosi odpowiedzialno\u015bci za jako\u015b\u0107 produkt\u00f3w, je\u017celi jako\u015b\u0107 ta uleg\u0142a pogorszeniu ju\u017c po dostarczeniu produkt\u00f3w klientowi i z przyczyn le\u017c\u0105cych po stronie Klienta (produkty \u0142atwo psuj\u0105ce si\u0119, produkty \u015bwie\u017ce itp. \u2013 np. w sytuacji kiedy Klient nie przechowywa\u0142 produkt\u00f3w zgodnie z zaleceniami przechowywania).<\/li><li>Informujemy, \u017ce Klient mo\u017ce ponie\u015b\u0107 odpowiedzialno\u015b\u0107 za pogorszenie stanu zwracanej rzeczy.<\/li><\/ol>\n\n\n\n<p><strong>ZASADY PRZYJMOWANIA REKLAMACJI<\/strong><\/p>\n\n\n\n<ol class=\"wp-block-list\"><li>W przypadku zakupu towar\u00f3w przez osoby nieb\u0119d\u0105ce konsumentami w rozumieniu Ustawy z dnia 30 maja 2014 r. o prawach konsumenta, r\u0119kojmia za wady fizyczne rzeczy jest wy\u0142\u0105czona (art. 556 \u00a7 1 Kodeksu Cywilnego). W przypadku stwierdzenia wad towaru, prosimy o kontakt telefoniczny lub mailowy ze Sklepem.<\/li><li>W przypadku zakupu towar\u00f3w przez osoby b\u0119d\u0105ce konsumentami lub przedsi\u0119biorcy na prawach konsumenta w rozumieniu Ustawy z dnia 30 maja 2014 r. o prawach konsumenta, zastosowanie znajduj\u0105 poni\u017csze zasady. Sklep odpowiada za sprzedany towar, je\u017celi wada zostanie stwierdzona w okresie 2 lat od chwili jego wydania. W przypadku stwierdzenia wad towaru, konsument lub przedsi\u0119biorca na prawach konsumenta zobowi\u0105zany jest niezw\u0142ocznie wys\u0142a\u0107 zawiadomienie na adres e-mail Sklepu (gdzie podane zostan\u0105 co najmniej: imi\u0119, nazwisko i adres zg\u0142aszaj\u0105cego reklamacj\u0119, okre\u015blenie reklamowanego towaru, dow\u00f3d zakupu reklamowanego towaru, opis niezgodno\u015bci towaru i termin w jakim wada zosta\u0142a dostrze\u017cona, a w stosownych przypadkach tak\u017ce okoliczno\u015bci uzasadniaj\u0105ce reklamacj\u0119, dat\u0119 wniesienia reklamacji, podpis zg\u0142aszaj\u0105cego reklamacj\u0119, zgod\u0119 na przetwarzanie przez Sklep adresu e-mail zg\u0142aszaj\u0105cego), jak r\u00f3wnie\u017c wskaza\u0107 w reklamacji jedno z nast\u0119puj\u0105cych \u017c\u0105da\u0144: wymiany towaru na nowy, naprawy towaru, obni\u017cenia ceny albo odst\u0105pienia od umowy (wy\u0142\u0105cznie w przypadku wady istotnej).<\/li><li>Reklamacje s\u0105 rozpatrywane w terminie 14 dni kalendarzowych od dnia z\u0142o\u017cenia reklamacji.<\/li><li>Informacje o pozas\u0105dowych sposobach rozpatrywania reklamacji i dochodzenia roszcze\u0144 znajd\u0105 Pa\u0144stwo na stronie: www.uokik.gov.pl.<\/li><li>Towar podlegaj\u0105cy reklamacji\/zwrotowi nale\u017cy odes\u0142a\u0107 na adres:<\/li><li>STUDIO KOZAK \u0141UKASZ KOZAK, ul. Adama Krzy\u017canowskiego 29, 30-698 Krak\u00f3w.<\/li><li>Towary sprzedawane w Sklepie s\u0105 obj\u0119te gwarancj\u0105 producenta.<\/li><\/ol>\n\n\n\n<p><strong>\u00a7 8<\/strong><\/p>\n\n\n\n<p><strong>OCHRONA DANYCH OSOBOWYCH<\/strong><\/p>\n\n\n\n<ol class=\"wp-block-list\"><li>Sklep https:\/\/zalatanapszczola.pl\/ okre\u015bla zasady Polityki prywatno\u015bci, informuj\u0105c Klient\u00f3w o kwestiach pozyskiwania, przetwarzania i zabezpieczenia danych osobowych.<\/li><li>Sk\u0142adaj\u0105c zam\u00f3wienie Klient wyra\u017ca zgod\u0119 na przetwarzanie jego danych osobowych w celu realizacji zam\u00f3wienia oraz potwierdza ich zgodno\u015b\u0107 ze stanem faktycznym.<\/li><li>Administratorem danych osobowych jest \u0141ukasz Kozak prowadz\u0105cy dzia\u0142alno\u015b\u0107 gospodarcz\u0105 pod firm\u0105 STUDIO KOZAK \u0141UKASZ KOZAK, ul. Adama Krzy\u017canowskiego 29, 30-698 Krak\u00f3w, &nbsp;NIP: 6761218081. Przechowywane&nbsp;s\u0105 nast\u0119puj\u0105ce dane osobowe: imi\u0119, nazwisko, adres e-mail, numer telefonu oraz adres pod jaki ma zosta\u0107 dostarczona przesy\u0142ka.<\/li><li>Podanie tych danych jest konieczne do z\u0142o\u017cenia zam\u00f3wienia.<\/li><li>Dane o Kliencie gromadzone s\u0105 wy\u0142\u0105cznie w celu zapewnienia poprawnej obs\u0142ugi zam\u00f3wienia.<\/li><li>Dane te b\u0119d\u0105 przechowywane i odpowiednio chronione przed dost\u0119pem do nich przez osoby do tego nieupowa\u017cnione, zgodnie z ustaw\u0105 z dnia 29 sierpnia 1997 r. o ochronie danych osobowych (Dz. U. z 2002 r., Nr 101, poz. 926, ze zm.).<\/li><li>Klient mo\u017ce r\u00f3wnie\u017c wyrazi\u0107 zgod\u0119 na otrzymywanie od Sklepu materia\u0142\u00f3w marketingowych, w tym biuletynu sklepu.<\/li><li>Klient ma prawo wgl\u0105du do swoich danych osobowych, do ich poprawiania lub usuwania.<\/li><li>Podstawa &nbsp;prawn\u0105 Polityki Prywatno\u015bci jest Ustawa z dnia 29 sierpnia 1997 roku o ochronie danych osobowych (Dz. U. z 2002 r., Nr 101, poz. 926, ze zm.)<\/li><\/ol>\n\n\n\n<p><strong>\u00a7 10<\/strong><\/p>\n\n\n\n<p><strong>POSTANOWIENIA KO\u0143COWE<\/strong><\/p>\n\n\n\n<ol class=\"wp-block-list\"><li>Umowy zawierane poprzez Sklep zawierane s\u0105 zgodnie z prawem polskim.<\/li><li>W przypadku niezgodno\u015bci jakiejkolwiek cz\u0119\u015bci Regulaminu z obowi\u0105zuj\u0105cym prawem, w miejsce zakwestionowanego przepisu Regulaminu zastosowanie maj\u0105 w\u0142a\u015bciwe przepisy prawa polskiego.<\/li><li>Wszelkie spory wynik\u0142e z Um\u00f3w Sprzeda\u017cy mi\u0119dzy Sklepem, a Klientami b\u0119d\u0105 rozstrzygane w pierwszej kolejno\u015bci na drodze negocjacji, z intencj\u0105 polubownego zako\u0144czenia sporu. Je\u015bli jednak nie by\u0142oby to mo\u017cliwe, lub te\u017c by\u0142oby niesatysfakcjonuj\u0105ce dla kt\u00f3rejkolwiek ze stron, spory b\u0119d\u0105 rozstrzygane przez w\u0142a\u015bciwy s\u0105d powszechny, zgodnie z pkt 4 niniejszego paragrafu.<\/li><li>S\u0105dowe rozstrzyganie spor\u00f3w:<ol><li>Ewentualne spory powsta\u0142e pomi\u0119dzy Us\u0142ugodawc\u0105, a Us\u0142ugobiorc\u0105 b\u0119d\u0105cym jednocze\u015bnie Konsumentem zostaj\u0105 poddane s\u0105dom w\u0142a\u015bciwym zgodnie z przepisami kodeksu post\u0119powania cywilnego z dnia 17 listopada 1964 r. (Dz. U. Nr 43, poz. 296 ze zm.).<\/li><li>Ewentualne spory powsta\u0142e pomi\u0119dzy Us\u0142ugodawc\u0105, a Us\u0142ugobiorc\u0105 (Klientem) nieb\u0119d\u0105cym jednocze\u015bnie Konsumentem zostaj\u0105 poddane s\u0105dowi w\u0142a\u015bciwemu ze wzgl\u0119du na siedzib\u0119 Us\u0142ugodawcy.<\/li><\/ol><\/li><\/ol>\n","protected":false},"excerpt":{"rendered":"<p>REGULAMIN SKLEPU INTERNETOWEGO https:\/\/zalatanapszczola.pl\/ \u00a7 1 POSTANOWIENIA OG\u00d3LNE Sklep https:\/\/zalatanapszczola.pl\/ dzia\u0142a na zasadach okre\u015blonych w niniejszym Regulaminie. Regulamin okre\u015bla warunki zawierania i rozwi\u0105zywania Um\u00f3w Sprzeda\u017cy Produktu oraz tryb post\u0119powania reklamacyjnego przez Sklep https:\/\/zalatanapszczola.pl\/ drog\u0105 elektroniczn\u0105. &#8230; <\/p>\n<p class=\"read-more-container\"><a title=\"Regulamin sklepu\" class=\"read-more button\" href=\"https:\/\/zalatanapszczola.pl\/index.php\/regulamin-sklepu\/#more-965\" aria-label=\"Dowiedz si\u0119 wi\u0119cej o Regulamin sklepu\">Czytaj dalej<\/a><\/p>\n","protected":false},"author":1,"featured_media":0,"parent":0,"menu_order":0,"comment_status":"closed","ping_status":"closed","template":"","meta":{"footnotes":""},"class_list":["post-965","page","type-page","status-publish"],"_links":{"self":[{"href":"https:\/\/zalatanapszczola.pl\/index.php\/wp-json\/wp\/v2\/pages\/965","targetHints":{"allow":["GET"]}}],"collection":[{"href":"https:\/\/zalatanapszczola.pl\/index.php\/wp-json\/wp\/v2\/pages"}],"about":[{"href":"https:\/\/zalatanapszczola.pl\/index.php\/wp-json\/wp\/v2\/types\/page"}],"author":[{"embeddable":true,"href":"https:\/\/zalatanapszczola.pl\/index.php\/wp-json\/wp\/v2\/users\/1"}],"replies":[{"embeddable":true,"href":"https:\/\/zalatanapszczola.pl\/index.php\/wp-json\/wp\/v2\/comments?post=965"}],"version-history":[{"count":15,"href":"https:\/\/zalatanapszczola.pl\/index.php\/wp-json\/wp\/v2\/pages\/965\/revisions"}],"predecessor-version":[{"id":1089,"href":"https:\/\/zalatanapszczola.pl\/index.php\/wp-json\/wp\/v2\/pages\/965\/revisions\/1089"}],"wp:attachment":[{"href":"https:\/\/zalatanapszczola.pl\/index.php\/wp-json\/wp\/v2\/media?parent=965"}],"curies":[{"name":"wp","href":"https:\/\/api.w.org\/{rel}","templated":true}]}}