{"id":1121,"date":"2021-07-01T17:21:08","date_gmt":"2021-07-01T15:21:08","guid":{"rendered":"https:\/\/zalatanapszczola.pl\/?post_type=product&#038;p=1121"},"modified":"2022-06-29T19:35:44","modified_gmt":"2022-06-29T17:35:44","slug":"miod-wielokwiatowy-400-g","status":"publish","type":"product","link":"https:\/\/zalatanapszczola.pl\/index.php\/produkt\/miod-wielokwiatowy-400-g\/","title":{"rendered":"Mi\u00f3d idealny na prezent 400 g"},"content":{"rendered":"<p>Mi\u00f3d zapakowany w eleganckie pude\u0142eczko z tektury mo\u017ce by\u0107 doskona\u0142ym i niebanalnym prezentem.<br \/>\nObdarowana osoba na pewno doceni subtelny smak miodu uzyskanego tradycyjnymi metodami.<\/p>\n","protected":false},"excerpt":{"rendered":"<p>Mi\u00f3d wielokwiatowy z kwiat\u00f3w dziko rosn\u0105cych. 400 g<br \/>\nEleganckie opakowanie prezentowe<\/p>\n","protected":false},"featured_media":1166,"comment_status":"open","ping_status":"closed","template":"","meta":[],"product_brand":[],"product_cat":[38],"product_tag":[40],"class_list":{"0":"post-1121","1":"product","2":"type-product","3":"status-publish","4":"has-post-thumbnail","6":"product_cat-miod","7":"product_tag-miod","8":"sales-flash-overlay","9":"woocommerce-text-align-left","10":"woocommerce-image-align-center","11":"do-quantity-buttons","12":"wc-has-gallery","14":"first","15":"outofstock","16":"taxable","17":"shipping-taxable","18":"purchasable","19":"product-type-simple"},"_links":{"self":[{"href":"https:\/\/zalatanapszczola.pl\/index.php\/wp-json\/wp\/v2\/product\/1121","targetHints":{"allow":["GET"]}}],"collection":[{"href":"https:\/\/zalatanapszczola.pl\/index.php\/wp-json\/wp\/v2\/product"}],"about":[{"href":"https:\/\/zalatanapszczola.pl\/index.php\/wp-json\/wp\/v2\/types\/product"}],"replies":[{"embeddable":true,"href":"https:\/\/zalatanapszczola.pl\/index.php\/wp-json\/wp\/v2\/comments?post=1121"}],"wp:featuredmedia":[{"embeddable":true,"href":"https:\/\/zalatanapszczola.pl\/index.php\/wp-json\/wp\/v2\/media\/1166"}],"wp:attachment":[{"href":"https:\/\/zalatanapszczola.pl\/index.php\/wp-json\/wp\/v2\/media?parent=1121"}],"wp:term":[{"taxonomy":"product_brand","embeddable":true,"href":"https:\/\/zalatanapszczola.pl\/index.php\/wp-json\/wp\/v2\/product_brand?post=1121"},{"taxonomy":"product_cat","embeddable":true,"href":"https:\/\/zalatanapszczola.pl\/index.php\/wp-json\/wp\/v2\/product_cat?post=1121"},{"taxonomy":"product_tag","embeddable":true,"href":"https:\/\/zalatanapszczola.pl\/index.php\/wp-json\/wp\/v2\/product_tag?post=1121"}],"curies":[{"name":"wp","href":"https:\/\/api.w.org\/{rel}","templated":true}]}}